{"id":159042,"date":"2025-03-27T16:39:58","date_gmt":"2025-03-27T14:39:58","guid":{"rendered":"https:\/\/bahus.ee\/?post_type=product&#038;p=159042"},"modified":"2025-03-27T16:39:58","modified_gmt":"2025-03-27T14:39:58","slug":"chateau-lebosca-medoc-2015","status":"publish","type":"product","link":"https:\/\/bahus.ee\/en\/toode\/chateau-lebosca-medoc-2015\/","title":{"rendered":"Chateau Lebosca Medoc 2015"},"content":{"rendered":"<p class=\"\" data-start=\"0\" data-end=\"277\">Ch\u00e2teau Lebosca M\u00e9doc 2015 is a red wine from the M\u00e9doc region in Bordeaux, France, crafted from a blend of Cabernet Sauvignon and Merlot. It showcases rich flavors of blackcurrant and plum, with hints of tobacco, oak, and spice, leading to a smooth and well-balanced finish.<\/p>\n","protected":false},"excerpt":{"rendered":"<p>Ch\u00e2teau Lebosca M\u00e9doc 2015 is a red wine from the M\u00e9doc region in Bordeaux, France, crafted from a blend of<\/p>\n","protected":false},"featured_media":159043,"comment_status":"closed","ping_status":"closed","template":"","meta":[],"product_cat":[13411],"product_tag":[],"class_list":["post-159042","product","type-product","status-publish","has-post-thumbnail","hentry","product_cat-punane-vein","pa_alkoholisisaldus-ja-maht-maht0-75-alkoholisisaldus13","pa_paritolumaa-fr-france","pa_stiil-dry"],"jetpack_sharing_enabled":true,"_links":{"self":[{"href":"https:\/\/bahus.ee\/en\/wp-json\/wp\/v2\/product\/159042\/"}],"collection":[{"href":"https:\/\/bahus.ee\/en\/wp-json\/wp\/v2\/product\/"}],"about":[{"href":"https:\/\/bahus.ee\/en\/wp-json\/wp\/v2\/types\/product\/"}],"replies":[{"embeddable":true,"href":"https:\/\/bahus.ee\/en\/wp-json\/wp\/v2\/comments\/?post=159042"}],"wp:featuredmedia":[{"embeddable":true,"href":"https:\/\/bahus.ee\/en\/wp-json\/wp\/v2\/media\/159043\/"}],"wp:attachment":[{"href":"https:\/\/bahus.ee\/en\/wp-json\/wp\/v2\/media\/?parent=159042"}],"wp:term":[{"taxonomy":"product_cat","embeddable":true,"href":"https:\/\/bahus.ee\/en\/wp-json\/wp\/v2\/product_cat\/?post=159042"},{"taxonomy":"product_tag","embeddable":true,"href":"https:\/\/bahus.ee\/en\/wp-json\/wp\/v2\/product_tag\/?post=159042"}],"curies":[{"name":"wp","href":"https:\/\/api.w.org\/{rel}","templated":true}]}}