{"id":158218,"date":"2025-03-14T12:59:24","date_gmt":"2025-03-14T10:59:24","guid":{"rendered":"https:\/\/bahus.ee\/?post_type=product&#038;p=158218"},"modified":"2025-03-14T12:59:24","modified_gmt":"2025-03-14T10:59:24","slug":"maitres-vignerons-igp-rose","status":"publish","type":"product","link":"https:\/\/bahus.ee\/en\/toode\/maitres-vignerons-igp-rose\/","title":{"rendered":"Maitres Vignerons IGP Rose"},"content":{"rendered":"<p>A French ros\u00e9 from the IGP (Indication G\u00e9ographique Prot\u00e9g\u00e9e) region, this wine offers bright aromas of red berries, such as strawberry and raspberry, along with subtle floral notes. It\u2019s light, crisp, and refreshing with a smooth, clean finish.<\/p>\n","protected":false},"excerpt":{"rendered":"<p>A French ros\u00e9 from the IGP (Indication G\u00e9ographique Prot\u00e9g\u00e9e) region, this wine offers bright aromas of red berries, such as<\/p>\n","protected":false},"featured_media":158219,"comment_status":"closed","ping_status":"closed","template":"","meta":[],"product_cat":[13998],"product_tag":[],"class_list":["post-158218","product","type-product","status-publish","has-post-thumbnail","hentry","product_cat-roosa-vein","pa_alkoholisisaldus-ja-maht-maht-5l-alkoholisisaldus-12-5","pa_paritolumaa-prantsusmaa-en"],"jetpack_sharing_enabled":true,"_links":{"self":[{"href":"https:\/\/bahus.ee\/en\/wp-json\/wp\/v2\/product\/158218\/"}],"collection":[{"href":"https:\/\/bahus.ee\/en\/wp-json\/wp\/v2\/product\/"}],"about":[{"href":"https:\/\/bahus.ee\/en\/wp-json\/wp\/v2\/types\/product\/"}],"replies":[{"embeddable":true,"href":"https:\/\/bahus.ee\/en\/wp-json\/wp\/v2\/comments\/?post=158218"}],"wp:featuredmedia":[{"embeddable":true,"href":"https:\/\/bahus.ee\/en\/wp-json\/wp\/v2\/media\/158219\/"}],"wp:attachment":[{"href":"https:\/\/bahus.ee\/en\/wp-json\/wp\/v2\/media\/?parent=158218"}],"wp:term":[{"taxonomy":"product_cat","embeddable":true,"href":"https:\/\/bahus.ee\/en\/wp-json\/wp\/v2\/product_cat\/?post=158218"},{"taxonomy":"product_tag","embeddable":true,"href":"https:\/\/bahus.ee\/en\/wp-json\/wp\/v2\/product_tag\/?post=158218"}],"curies":[{"name":"wp","href":"https:\/\/api.w.org\/{rel}","templated":true}]}}