{"id":157598,"date":"2024-02-08T11:22:33","date_gmt":"2024-02-08T09:22:33","guid":{"rendered":"https:\/\/bahus.ee\/?post_type=product&#038;p=157598"},"modified":"2024-02-08T11:22:33","modified_gmt":"2024-02-08T09:22:33","slug":"sokolaadi-soorik-1tk","status":"publish","type":"product","link":"https:\/\/bahus.ee\/en\/toode\/sokolaadi-soorik-1tk\/","title":{"rendered":"\u0160okolaadi S\u00f5\u00f5rik (1tk)"},"content":{"rendered":"","protected":false},"excerpt":{"rendered":"","protected":false},"featured_media":157599,"comment_status":"closed","ping_status":"closed","template":"","meta":[],"product_cat":[17206],"product_tag":[],"class_list":["post-157598","product","type-product","status-publish","has-post-thumbnail","hentry","product_cat-magustoit"],"jetpack_sharing_enabled":true,"_links":{"self":[{"href":"https:\/\/bahus.ee\/en\/wp-json\/wp\/v2\/product\/157598\/"}],"collection":[{"href":"https:\/\/bahus.ee\/en\/wp-json\/wp\/v2\/product\/"}],"about":[{"href":"https:\/\/bahus.ee\/en\/wp-json\/wp\/v2\/types\/product\/"}],"replies":[{"embeddable":true,"href":"https:\/\/bahus.ee\/en\/wp-json\/wp\/v2\/comments\/?post=157598"}],"wp:featuredmedia":[{"embeddable":true,"href":"https:\/\/bahus.ee\/en\/wp-json\/wp\/v2\/media\/157599\/"}],"wp:attachment":[{"href":"https:\/\/bahus.ee\/en\/wp-json\/wp\/v2\/media\/?parent=157598"}],"wp:term":[{"taxonomy":"product_cat","embeddable":true,"href":"https:\/\/bahus.ee\/en\/wp-json\/wp\/v2\/product_cat\/?post=157598"},{"taxonomy":"product_tag","embeddable":true,"href":"https:\/\/bahus.ee\/en\/wp-json\/wp\/v2\/product_tag\/?post=157598"}],"curies":[{"name":"wp","href":"https:\/\/api.w.org\/{rel}","templated":true}]}}