{"id":157138,"date":"2023-10-06T19:21:34","date_gmt":"2023-10-06T16:21:34","guid":{"rendered":"https:\/\/bahus.ee\/?post_type=product&#038;p=157138"},"modified":"2024-03-27T12:44:05","modified_gmt":"2024-03-27T10:44:05","slug":"kreemisupp-suvikorvitsaga","status":"publish","type":"product","link":"https:\/\/bahus.ee\/en\/toode\/kreemisupp-suvikorvitsaga\/","title":{"rendered":"Kreemisupp suvik\u00f5rvitsaga"},"content":{"rendered":"<p>Kreemsupp suvik\u00f5rvitsa ja piparm\u00fcndiga. Suvik\u00f5rvits, piparm\u00fcnt, sibul, k\u00fc\u00fcslauk, koor, parmesan ja kuiv valge vein.<\/p>\n","protected":false},"excerpt":{"rendered":"<p>Kreemsupp suvik\u00f5rvitsa ja piparm\u00fcndiga. Suvik\u00f5rvits, piparm\u00fcnt, sibul, k\u00fc\u00fcslauk, koor, parmesan ja kuiv valge vein.<\/p>\n","protected":false},"featured_media":157139,"comment_status":"closed","ping_status":"closed","template":"","meta":[],"product_cat":[17196],"product_tag":[],"class_list":["post-157138","product","type-product","status-publish","has-post-thumbnail","hentry","product_cat-gruusia-kook"],"jetpack_sharing_enabled":true,"_links":{"self":[{"href":"https:\/\/bahus.ee\/en\/wp-json\/wp\/v2\/product\/157138\/"}],"collection":[{"href":"https:\/\/bahus.ee\/en\/wp-json\/wp\/v2\/product\/"}],"about":[{"href":"https:\/\/bahus.ee\/en\/wp-json\/wp\/v2\/types\/product\/"}],"replies":[{"embeddable":true,"href":"https:\/\/bahus.ee\/en\/wp-json\/wp\/v2\/comments\/?post=157138"}],"wp:featuredmedia":[{"embeddable":true,"href":"https:\/\/bahus.ee\/en\/wp-json\/wp\/v2\/media\/157139\/"}],"wp:attachment":[{"href":"https:\/\/bahus.ee\/en\/wp-json\/wp\/v2\/media\/?parent=157138"}],"wp:term":[{"taxonomy":"product_cat","embeddable":true,"href":"https:\/\/bahus.ee\/en\/wp-json\/wp\/v2\/product_cat\/?post=157138"},{"taxonomy":"product_tag","embeddable":true,"href":"https:\/\/bahus.ee\/en\/wp-json\/wp\/v2\/product_tag\/?post=157138"}],"curies":[{"name":"wp","href":"https:\/\/api.w.org\/{rel}","templated":true}]}}