{"id":157050,"date":"2023-09-08T17:46:00","date_gmt":"2023-09-08T14:46:00","guid":{"rendered":"https:\/\/bahus.ee\/?post_type=product&#038;p=157050"},"modified":"2024-03-27T13:01:53","modified_gmt":"2024-03-27T11:01:53","slug":"chkmeruli","status":"publish","type":"product","link":"https:\/\/bahus.ee\/en\/toode\/chkmeruli\/","title":{"rendered":"Chkmeruli"},"content":{"rendered":"<p>Kana tabaka kreemjas kastmes (koor, k\u00fc\u00fcslauk, hapukoor ja \u00fcrdid<\/p>\n","protected":false},"excerpt":{"rendered":"<p>Kana tabaka kreemjas kastmes (koor, k\u00fc\u00fcslauk, hapukoor ja \u00fcrdid<\/p>\n","protected":false},"featured_media":157051,"comment_status":"closed","ping_status":"closed","template":"","meta":[],"product_cat":[17196],"product_tag":[],"class_list":["post-157050","product","type-product","status-publish","has-post-thumbnail","hentry","product_cat-gruusia-kook"],"jetpack_sharing_enabled":true,"_links":{"self":[{"href":"https:\/\/bahus.ee\/en\/wp-json\/wp\/v2\/product\/157050\/"}],"collection":[{"href":"https:\/\/bahus.ee\/en\/wp-json\/wp\/v2\/product\/"}],"about":[{"href":"https:\/\/bahus.ee\/en\/wp-json\/wp\/v2\/types\/product\/"}],"replies":[{"embeddable":true,"href":"https:\/\/bahus.ee\/en\/wp-json\/wp\/v2\/comments\/?post=157050"}],"wp:featuredmedia":[{"embeddable":true,"href":"https:\/\/bahus.ee\/en\/wp-json\/wp\/v2\/media\/157051\/"}],"wp:attachment":[{"href":"https:\/\/bahus.ee\/en\/wp-json\/wp\/v2\/media\/?parent=157050"}],"wp:term":[{"taxonomy":"product_cat","embeddable":true,"href":"https:\/\/bahus.ee\/en\/wp-json\/wp\/v2\/product_cat\/?post=157050"},{"taxonomy":"product_tag","embeddable":true,"href":"https:\/\/bahus.ee\/en\/wp-json\/wp\/v2\/product_tag\/?post=157050"}],"curies":[{"name":"wp","href":"https:\/\/api.w.org\/{rel}","templated":true}]}}