{"id":156940,"date":"2023-08-06T16:58:15","date_gmt":"2023-08-06T13:58:15","guid":{"rendered":"https:\/\/bahus.ee\/?post_type=product&#038;p=156940"},"modified":"2024-03-27T13:02:15","modified_gmt":"2024-03-27T11:02:15","slug":"kuchmachi","status":"publish","type":"product","link":"https:\/\/bahus.ee\/en\/toode\/kuchmachi\/","title":{"rendered":"Kuchmachi"},"content":{"rendered":"<p>Hautatud kanamaks, seej\u00e4rel praetud, v\u00fcrtsid, koriander ja jahvatatud pipar, t\u0161illi, granaat\u00f5una seemned<\/p>\n","protected":false},"excerpt":{"rendered":"<p>Hautatud kanamaks, seej\u00e4rel praetud, v\u00fcrtsid, koriander ja jahvatatud pipar, t\u0161illi, granaat\u00f5una seemned<\/p>\n","protected":false},"featured_media":156941,"comment_status":"closed","ping_status":"closed","template":"","meta":[],"product_cat":[17196],"product_tag":[],"class_list":["post-156940","product","type-product","status-publish","has-post-thumbnail","hentry","product_cat-gruusia-kook"],"jetpack_sharing_enabled":true,"_links":{"self":[{"href":"https:\/\/bahus.ee\/en\/wp-json\/wp\/v2\/product\/156940\/"}],"collection":[{"href":"https:\/\/bahus.ee\/en\/wp-json\/wp\/v2\/product\/"}],"about":[{"href":"https:\/\/bahus.ee\/en\/wp-json\/wp\/v2\/types\/product\/"}],"replies":[{"embeddable":true,"href":"https:\/\/bahus.ee\/en\/wp-json\/wp\/v2\/comments\/?post=156940"}],"wp:featuredmedia":[{"embeddable":true,"href":"https:\/\/bahus.ee\/en\/wp-json\/wp\/v2\/media\/156941\/"}],"wp:attachment":[{"href":"https:\/\/bahus.ee\/en\/wp-json\/wp\/v2\/media\/?parent=156940"}],"wp:term":[{"taxonomy":"product_cat","embeddable":true,"href":"https:\/\/bahus.ee\/en\/wp-json\/wp\/v2\/product_cat\/?post=156940"},{"taxonomy":"product_tag","embeddable":true,"href":"https:\/\/bahus.ee\/en\/wp-json\/wp\/v2\/product_tag\/?post=156940"}],"curies":[{"name":"wp","href":"https:\/\/api.w.org\/{rel}","templated":true}]}}